{"id":41,"date":"2023-07-18T07:35:00","date_gmt":"2023-07-18T07:35:00","guid":{"rendered":"https:\/\/demosites.royal-elementor-addons.com\/digital-seo-marketing-agency-v2\/?page_id=41"},"modified":"2026-05-04T20:08:41","modified_gmt":"2026-05-04T20:08:41","slug":"kontaktai","status":"publish","type":"page","link":"https:\/\/betop.lt\/en\/kontaktai\/","title":{"rendered":"Contacts"},"content":{"rendered":"\t\t<div data-elementor-type=\"wp-page\" data-elementor-id=\"41\" class=\"elementor elementor-41\">\n\t\t\t\t\t\t<section class=\"elementor-section elementor-top-section elementor-element elementor-element-18a1925 elementor-section-boxed elementor-section-height-default elementor-section-height-default wpr-particle-no wpr-jarallax-no wpr-parallax-no wpr-sticky-section-no wpr-equal-height-no\" data-id=\"18a1925\" data-element_type=\"section\" data-e-type=\"section\">\n\t\t\t\t\t\t<div class=\"elementor-container elementor-column-gap-default\">\n\t\t\t\t\t<div class=\"elementor-column elementor-col-50 elementor-top-column elementor-element elementor-element-55ec778 elementor-invisible\" data-id=\"55ec778\" data-element_type=\"column\" data-e-type=\"column\" data-settings=\"{&quot;animation&quot;:&quot;slideInLeft&quot;}\">\n\t\t\t<div class=\"elementor-widget-wrap elementor-element-populated\">\n\t\t\t\t\t\t<div class=\"elementor-element elementor-element-7e17f06 elementor-widget elementor-widget-heading\" data-id=\"7e17f06\" data-element_type=\"widget\" data-e-type=\"widget\" data-widget_type=\"heading.default\">\n\t\t\t\t<div class=\"elementor-widget-container\">\n\t\t\t\t\t<h2 class=\"elementor-heading-title elementor-size-default\">Klauskite apie visk\u0105<\/h2>\t\t\t\t<\/div>\n\t\t\t\t<\/div>\n\t\t\t\t<div class=\"elementor-element elementor-element-d0fdebf elementor-widget elementor-widget-heading\" data-id=\"d0fdebf\" data-element_type=\"widget\" data-e-type=\"widget\" data-widget_type=\"heading.default\">\n\t\t\t\t<div class=\"elementor-widget-container\">\n\t\t\t\t\t<h2 class=\"elementor-heading-title elementor-size-default\">Susisiekite ir aptarsime J\u016bs\u0173 norus bei l\u016bkes\u010dius<\/h2>\t\t\t\t<\/div>\n\t\t\t\t<\/div>\n\t\t\t\t<div class=\"elementor-element elementor-element-339e0f3 elementor-widget elementor-widget-text-editor\" data-id=\"339e0f3\" data-element_type=\"widget\" data-e-type=\"widget\" data-widget_type=\"text-editor.default\">\n\t\t\t\t<div class=\"elementor-widget-container\">\n\t\t\t\t\t\t\t\t\t<p>U\u017epildykite kontaktin\u0119 form\u0105 ir susisieksime su Jumis artimiausiu metu.<\/p>\t\t\t\t\t\t\t\t<\/div>\n\t\t\t\t<\/div>\n\t\t\t\t<div class=\"elementor-element elementor-element-c3d05cc elementor-position-inline-start elementor-view-default elementor-mobile-position-block-start elementor-widget elementor-widget-icon-box\" data-id=\"c3d05cc\" data-element_type=\"widget\" data-e-type=\"widget\" data-widget_type=\"icon-box.default\">\n\t\t\t\t<div class=\"elementor-widget-container\">\n\t\t\t\t\t\t\t<div class=\"elementor-icon-box-wrapper\">\n\n\t\t\t\t\t\t<div class=\"elementor-icon-box-icon\">\n\t\t\t\t<a href=\"tel:+37069100338\" class=\"elementor-icon\" tabindex=\"-1\" aria-label=\"Tel. Nr.\">\n\t\t\t\t<svg aria-hidden=\"true\" class=\"e-font-icon-svg e-fas-phone-alt\" viewBox=\"0 0 512 512\" xmlns=\"http:\/\/www.w3.org\/2000\/svg\"><path d=\"M497.39 361.8l-112-48a24 24 0 0 0-28 6.9l-49.6 60.6A370.66 370.66 0 0 1 130.6 204.11l60.6-49.6a23.94 23.94 0 0 0 6.9-28l-48-112A24.16 24.16 0 0 0 122.6.61l-104 24A24 24 0 0 0 0 48c0 256.5 207.9 464 464 464a24 24 0 0 0 23.4-18.6l24-104a24.29 24.29 0 0 0-14.01-27.6z\"><\/path><\/svg>\t\t\t\t<\/a>\n\t\t\t<\/div>\n\t\t\t\n\t\t\t\t\t\t<div class=\"elementor-icon-box-content\">\n\n\t\t\t\t\t\t\t\t\t<h3 class=\"elementor-icon-box-title\">\n\t\t\t\t\t\t<a href=\"tel:+37069100338\" >\n\t\t\t\t\t\t\tTel. Nr.\t\t\t\t\t\t<\/a>\n\t\t\t\t\t<\/h3>\n\t\t\t\t\n\t\t\t\t\t\t\t\t\t<p class=\"elementor-icon-box-description\">\n\t\t\t\t\t\t+37069100338\t\t\t\t\t<\/p>\n\t\t\t\t\n\t\t\t<\/div>\n\t\t\t\n\t\t<\/div>\n\t\t\t\t\t\t<\/div>\n\t\t\t\t<\/div>\n\t\t\t\t<div class=\"elementor-element elementor-element-b90ebd2 elementor-position-inline-start elementor-view-default elementor-mobile-position-block-start elementor-widget elementor-widget-icon-box\" data-id=\"b90ebd2\" data-element_type=\"widget\" data-e-type=\"widget\" data-widget_type=\"icon-box.default\">\n\t\t\t\t<div class=\"elementor-widget-container\">\n\t\t\t\t\t\t\t<div class=\"elementor-icon-box-wrapper\">\n\n\t\t\t\t\t\t<div class=\"elementor-icon-box-icon\">\n\t\t\t\t<a href=\"mailto:info@betop.lt\" class=\"elementor-icon\" tabindex=\"-1\" aria-label=\"El. Pa\u0161tas\">\n\t\t\t\t<svg aria-hidden=\"true\" class=\"e-font-icon-svg e-fas-envelope\" viewBox=\"0 0 512 512\" xmlns=\"http:\/\/www.w3.org\/2000\/svg\"><path d=\"M502.3 190.8c3.9-3.1 9.7-.2 9.7 4.7V400c0 26.5-21.5 48-48 48H48c-26.5 0-48-21.5-48-48V195.6c0-5 5.7-7.8 9.7-4.7 22.4 17.4 52.1 39.5 154.1 113.6 21.1 15.4 56.7 47.8 92.2 47.6 35.7.3 72-32.8 92.3-47.6 102-74.1 131.6-96.3 154-113.7zM256 320c23.2.4 56.6-29.2 73.4-41.4 132.7-96.3 142.8-104.7 173.4-128.7 5.8-4.5 9.2-11.5 9.2-18.9v-19c0-26.5-21.5-48-48-48H48C21.5 64 0 85.5 0 112v19c0 7.4 3.4 14.3 9.2 18.9 30.6 23.9 40.7 32.4 173.4 128.7 16.8 12.2 50.2 41.8 73.4 41.4z\"><\/path><\/svg>\t\t\t\t<\/a>\n\t\t\t<\/div>\n\t\t\t\n\t\t\t\t\t\t<div class=\"elementor-icon-box-content\">\n\n\t\t\t\t\t\t\t\t\t<h3 class=\"elementor-icon-box-title\">\n\t\t\t\t\t\t<a href=\"mailto:info@betop.lt\" >\n\t\t\t\t\t\t\tEl. Pa\u0161tas\t\t\t\t\t\t<\/a>\n\t\t\t\t\t<\/h3>\n\t\t\t\t\n\t\t\t\t\t\t\t\t\t<p class=\"elementor-icon-box-description\">\n\t\t\t\t\t\tinfo@betop.lt\t\t\t\t\t<\/p>\n\t\t\t\t\n\t\t\t<\/div>\n\t\t\t\n\t\t<\/div>\n\t\t\t\t\t\t<\/div>\n\t\t\t\t<\/div>\n\t\t\t\t<div class=\"elementor-element elementor-element-c5b13b5 e-grid-align-left elementor-hidden-desktop elementor-hidden-laptop elementor-hidden-tablet elementor-hidden-mobile elementor-shape-rounded elementor-grid-0 elementor-widget elementor-widget-social-icons\" data-id=\"c5b13b5\" data-element_type=\"widget\" data-e-type=\"widget\" data-widget_type=\"social-icons.default\">\n\t\t\t\t<div class=\"elementor-widget-container\">\n\t\t\t\t\t\t\t<div class=\"elementor-social-icons-wrapper elementor-grid\" role=\"list\">\n\t\t\t\t\t\t\t<span class=\"elementor-grid-item\" role=\"listitem\">\n\t\t\t\t\t<a class=\"elementor-icon elementor-social-icon elementor-social-icon-facebook elementor-repeater-item-7d2e53a\" target=\"_blank\">\n\t\t\t\t\t\t<span class=\"elementor-screen-only\">Facebook<\/span>\n\t\t\t\t\t\t<svg aria-hidden=\"true\" class=\"e-font-icon-svg e-fab-facebook\" viewBox=\"0 0 512 512\" xmlns=\"http:\/\/www.w3.org\/2000\/svg\"><path d=\"M504 256C504 119 393 8 256 8S8 119 8 256c0 123.78 90.69 226.38 209.25 245V327.69h-63V256h63v-54.64c0-62.15 37-96.48 93.67-96.48 27.14 0 55.52 4.84 55.52 4.84v61h-31.28c-30.8 0-40.41 19.12-40.41 38.73V256h68.78l-11 71.69h-57.78V501C413.31 482.38 504 379.78 504 256z\"><\/path><\/svg>\t\t\t\t\t<\/a>\n\t\t\t\t<\/span>\n\t\t\t\t\t\t\t<span class=\"elementor-grid-item\" role=\"listitem\">\n\t\t\t\t\t<a class=\"elementor-icon elementor-social-icon elementor-social-icon-twitter elementor-repeater-item-28f2673\" target=\"_blank\">\n\t\t\t\t\t\t<span class=\"elementor-screen-only\">Twitter<\/span>\n\t\t\t\t\t\t<svg aria-hidden=\"true\" class=\"e-font-icon-svg e-fab-twitter\" viewBox=\"0 0 512 512\" xmlns=\"http:\/\/www.w3.org\/2000\/svg\"><path d=\"M459.37 151.716c.325 4.548.325 9.097.325 13.645 0 138.72-105.583 298.558-298.558 298.558-59.452 0-114.68-17.219-161.137-47.106 8.447.974 16.568 1.299 25.34 1.299 49.055 0 94.213-16.568 130.274-44.832-46.132-.975-84.792-31.188-98.112-72.772 6.498.974 12.995 1.624 19.818 1.624 9.421 0 18.843-1.3 27.614-3.573-48.081-9.747-84.143-51.98-84.143-102.985v-1.299c13.969 7.797 30.214 12.67 47.431 13.319-28.264-18.843-46.781-51.005-46.781-87.391 0-19.492 5.197-37.36 14.294-52.954 51.655 63.675 129.3 105.258 216.365 109.807-1.624-7.797-2.599-15.918-2.599-24.04 0-57.828 46.782-104.934 104.934-104.934 30.213 0 57.502 12.67 76.67 33.137 23.715-4.548 46.456-13.32 66.599-25.34-7.798 24.366-24.366 44.833-46.132 57.827 21.117-2.273 41.584-8.122 60.426-16.243-14.292 20.791-32.161 39.308-52.628 54.253z\"><\/path><\/svg>\t\t\t\t\t<\/a>\n\t\t\t\t<\/span>\n\t\t\t\t\t\t\t<span class=\"elementor-grid-item\" role=\"listitem\">\n\t\t\t\t\t<a class=\"elementor-icon elementor-social-icon elementor-social-icon-youtube elementor-repeater-item-d837862\" target=\"_blank\">\n\t\t\t\t\t\t<span class=\"elementor-screen-only\">Youtube<\/span>\n\t\t\t\t\t\t<svg aria-hidden=\"true\" class=\"e-font-icon-svg e-fab-youtube\" viewBox=\"0 0 576 512\" xmlns=\"http:\/\/www.w3.org\/2000\/svg\"><path d=\"M549.655 124.083c-6.281-23.65-24.787-42.276-48.284-48.597C458.781 64 288 64 288 64S117.22 64 74.629 75.486c-23.497 6.322-42.003 24.947-48.284 48.597-11.412 42.867-11.412 132.305-11.412 132.305s0 89.438 11.412 132.305c6.281 23.65 24.787 41.5 48.284 47.821C117.22 448 288 448 288 448s170.78 0 213.371-11.486c23.497-6.321 42.003-24.171 48.284-47.821 11.412-42.867 11.412-132.305 11.412-132.305s0-89.438-11.412-132.305zm-317.51 213.508V175.185l142.739 81.205-142.739 81.201z\"><\/path><\/svg>\t\t\t\t\t<\/a>\n\t\t\t\t<\/span>\n\t\t\t\t\t<\/div>\n\t\t\t\t\t\t<\/div>\n\t\t\t\t<\/div>\n\t\t\t\t\t<\/div>\n\t\t<\/div>\n\t\t\t\t<div class=\"elementor-column elementor-col-50 elementor-top-column elementor-element elementor-element-8839164 elementor-invisible\" data-id=\"8839164\" data-element_type=\"column\" data-e-type=\"column\" data-settings=\"{&quot;animation&quot;:&quot;slideInRight&quot;}\">\n\t\t\t<div class=\"elementor-widget-wrap elementor-element-populated\">\n\t\t\t\t\t\t<div class=\"elementor-element elementor-element-0335669 wpr-step-type-number_text wpr-step-content-layout-vertical wpr-custom-styles-yes elementor-widget elementor-widget-wpr-form-builder\" data-id=\"0335669\" data-element_type=\"widget\" data-e-type=\"widget\" data-settings=\"{&quot;success_message&quot;:&quot;\\u017dinut\\u0117 i\\u0161si\\u0173sta. Susisieksime su Jumis artimiausiu metu&quot;,&quot;error_message&quot;:&quot;ERROR, susisiekite telefonu&quot;,&quot;button_width&quot;:{&quot;unit&quot;:&quot;%&quot;,&quot;size&quot;:100,&quot;sizes&quot;:[]},&quot;button_width_laptop&quot;:{&quot;unit&quot;:&quot;px&quot;,&quot;size&quot;:&quot;&quot;,&quot;sizes&quot;:[]},&quot;button_width_tablet&quot;:{&quot;unit&quot;:&quot;px&quot;,&quot;size&quot;:&quot;&quot;,&quot;sizes&quot;:[]},&quot;button_width_mobile&quot;:{&quot;unit&quot;:&quot;px&quot;,&quot;size&quot;:&quot;&quot;,&quot;sizes&quot;:[]},&quot;step_type&quot;:&quot;number_text&quot;,&quot;step_content_layout&quot;:&quot;vertical&quot;}\" data-widget_type=\"wpr-form-builder.default\">\n\t\t\t\t<div class=\"elementor-widget-container\">\n\t\t\t\t\t\t\t<form class=\"wpr-form\" method=\"post\" name=\"Kontakt\u0173 forma\" page=\"Kontaktai\" page_id=\"41\" novalidate>\n\t\t\t<input type=\"hidden\" name=\"post_id\" value=\"41\"\/>\n\t\t\t<input type=\"hidden\" name=\"form_id\" value=\"0335669\"\/>\n\t\t\t<input type=\"hidden\" name=\"referer_title\" value=\"\" \/>\n\n\t\t\t<div class=\"wpr-step-wrap\"><\/div>\n\t\t\t<div class=\"wpr-form-fields-wrap wpr-labels-above\">\n\t\t\t\t\t\t\t\t\t<div class=\"wpr-form-field-type-text wpr-field-group wpr-column wpr-field-group-name elementor-repeater-item-7bcbd46 wpr-form-field-required\">\n\t\t\t\t\t\t\t\t\t\t\t\t\t\t<label for=\"form-field-name\" class=\"wpr-form-field-label\" data-alt-label=\"Vardas\">\n\t\t\t\t\t\t\t\t\tVardas\t\t\t\t\t\t\t\t<\/label>\n\t\t\t\t\t\t\t<input size=\"1 \"type=\"text\" name=\"form_fields[name]\" id=\"form-field-name\" class=\"wpr-form-field  wpr-form-field-textual\" required=\"required\" aria-required=\"true\">\t\t\t\t\t<\/div>\n\t\t\t\t\t\t\t\t\t<div class=\"wpr-form-field-type-text wpr-field-group wpr-column wpr-field-group-225f732 elementor-repeater-item-225f732\">\n\t\t\t\t\t\t\t\t\t\t\t\t\t\t<label for=\"form-field-225f732\" class=\"wpr-form-field-label\" data-alt-label=\"Pavard\u0117\">\n\t\t\t\t\t\t\t\t\tPavard\u0117\t\t\t\t\t\t\t\t<\/label>\n\t\t\t\t\t\t\t<input size=\"1 \"type=\"text\" name=\"form_fields[225f732]\" id=\"form-field-225f732\" class=\"wpr-form-field  wpr-form-field-textual\">\t\t\t\t\t<\/div>\n\t\t\t\t\t\t\t\t\t<div class=\"wpr-form-field-type-email wpr-field-group wpr-column wpr-field-group-email elementor-repeater-item-45e3527 wpr-form-field-required\">\n\t\t\t\t\t\t\t\t\t\t\t\t\t\t<label for=\"form-field-email\" class=\"wpr-form-field-label\" data-alt-label=\"Email\">\n\t\t\t\t\t\t\t\t\tEmail\t\t\t\t\t\t\t\t<\/label>\n\t\t\t\t\t\t\t<input size=\"1 \"type=\"email\" name=\"form_fields[email]\" id=\"form-field-email\" class=\"wpr-form-field  wpr-form-field-textual\" required=\"required\" aria-required=\"true\">\t\t\t\t\t<\/div>\n\t\t\t\t\t\t\t\t\t<div class=\"wpr-form-field-type-number wpr-field-group wpr-column wpr-field-group-7710eb1 elementor-repeater-item-7710eb1 wpr-form-field-required\">\n\t\t\t\t\t\t\t\t\t\t\t\t\t\t<label for=\"form-field-7710eb1\" class=\"wpr-form-field-label\" data-alt-label=\"Tel. Nr.\">\n\t\t\t\t\t\t\t\t\tTel. Nr.\t\t\t\t\t\t\t\t<\/label>\n\t\t\t\t\t\t\t<input size=\"1 \"type=\"number\" name=\"form_fields[7710eb1]\" id=\"form-field-7710eb1\" class=\"wpr-form-field  wpr-form-field-textual\" required=\"required\" aria-required=\"true\">\t\t\t\t\t<\/div>\n\t\t\t\t\t\t\t\t\t<div class=\"wpr-form-field-type-radio wpr-field-group wpr-column wpr-field-group-b7e1bec elementor-repeater-item-b7e1bec\">\n\t\t\t\t\t\t\t\t\t\t\t\t\t\t<label for=\"form-field-b7e1bec\" class=\"wpr-form-field-label\" data-alt-label=\"I\u0161 kur apie mus su\u017einojote?\">\n\t\t\t\t\t\t\t\t\tI\u0161 kur apie mus su\u017einojote?\t\t\t\t\t\t\t\t<\/label>\n\t\t\t\t\t\t\t<div class=\"wpr-field-sub-group  wpr-inline-sub-group\"><span class=\"wpr-form-field-option\" data-key=\"form-field-b7e1bec\"><input type=\"radio\" value=\"Facebook\" id=\"form-field-b7e1bec-0\" name=\"form_fields[b7e1bec]\"> <label for=\"form-field-b7e1bec-0\">Facebook<\/label><\/span><span class=\"wpr-form-field-option\" data-key=\"form-field-b7e1bec\"><input type=\"radio\" value=\"Instagram\" id=\"form-field-b7e1bec-1\" name=\"form_fields[b7e1bec]\"> <label for=\"form-field-b7e1bec-1\">Instagram<\/label><\/span><span class=\"wpr-form-field-option\" data-key=\"form-field-b7e1bec\"><input type=\"radio\" value=\"Youtube\" id=\"form-field-b7e1bec-2\" name=\"form_fields[b7e1bec]\"> <label for=\"form-field-b7e1bec-2\">Youtube<\/label><\/span><span class=\"wpr-form-field-option\" data-key=\"form-field-b7e1bec\"><input type=\"radio\" value=\"Pa\u017e\u012fstami\" id=\"form-field-b7e1bec-3\" name=\"form_fields[b7e1bec]\"> <label for=\"form-field-b7e1bec-3\">Pa\u017e\u012fstami<\/label><\/span><span class=\"wpr-form-field-option\" data-key=\"form-field-b7e1bec\"><input type=\"radio\" value=\"Kita Soc. Media\" id=\"form-field-b7e1bec-4\" name=\"form_fields[b7e1bec]\"> <label for=\"form-field-b7e1bec-4\">Kita Soc. Media<\/label><\/span><\/div>\t\t\t\t\t<\/div>\n\t\t\t\t\t\t\t\t\t<div class=\"wpr-form-field-type-select wpr-field-group wpr-column wpr-field-group-5e9ffc1 elementor-repeater-item-5e9ffc1\">\n\t\t\t\t\t\t\t\t\t\t\t\t\t\t<label for=\"form-field-5e9ffc1\" class=\"wpr-form-field-label\" data-alt-label=\"Select Subject\">\n\t\t\t\t\t\t\t\t\tSelect Subject\t\t\t\t\t\t\t\t<\/label>\n\t\t\t\t\t\t\t\t\t<div class=\"wpr-form-field wpr-select-wrap wpr-fi-svg-yes remove-before \">\n\n\t\t\t\t\t\t\t<!-- <svg class=\"e-font-icon-svg e-eicon-caret-down\" viewBox=\"0 0 571.4 1000\" xmlns=\"http:\/\/www.w3.org\/2000\/svg\">\n\t\t\t\t\t<path d=\"M571 457q0-14-10-25l-250-250q-11-11-25-11t-25 11l-250 250q-11 11-11 25t11 25 25 11h500q14 0 25-11t10-25z\"\/>\n\t\t\t\t<\/svg> -->\n\t\t\t\t<!-- <svg class=\"e-font-icon-svg e-eicon-caret-up\" viewBox=\"0 0 1000 1000\" xmlns=\"http:\/\/www.w3.org\/2000\/svg\">\n\t\t\t\t\t<path d=\"M763 279c8-8 8-12 8-25 0-8-4-16-8-25-9-8-13-8-25-8h-459c-8 0-16 4-25 8 0 9-4 17-4 25 0 9 4 17 8 25l230 229c8 5 16 9 25 9 8 0 16-4 25-9l225-229z\"\/>\n\t\t\t\t<\/svg> -->\n\t\t\t\t<!-- <svg class=\"e-font-icon-svg e-eicon-caret-up\" viewBox=\"0 0 1000 500\" xmlns=\"http:\/\/www.w3.org\/2000\/svg\">\n\t\t\t\t\t<path d=\"M763 279c8-8 8-12 8-25 0-8-4-16-8-25-9-8-13-8-25-8h-459c-8 0-16 4-25 8 0 9-4 17-4 25 0 9 4 17 8 25l230 229c8 5 16 9 25 9 8 0 16-4 25-9l225-229z\"\/>\n\t\t\t\t<\/svg> -->\n\t\t\t\t<svg class=\"e-font-icon-svg e-eicon-caret-up\" viewBox=\"0 0 1000 500\" xmlns=\"http:\/\/www.w3.org\/2000\/svg\">\n\t\t\t\t\t<path d=\"M763 279c8-8 8-12 8-25 0-8-4-16-8-25-9-8-13-8-25-8h-459c-8 0-16 4-25 8 0 9-4 17-4 25 0 9 4 17 8 25l230 229c8 5 16 9 25 9 8 0 16-4 25-9l225-229z\"\/>\n\t\t\t\t<\/svg>\n\t\t\t\n\t\t\t<select name=\"form_fields[5e9ffc1]\" id=\"form-field-5e9ffc1\" class=\"wpr-form-field-textual\">\n\n\t\t\t\t\t\t\t\t\t<option value=\"SEO paslaugos\">\n\t\t\t\t\tSEO paslaugos\t\t\t\t\t<\/option>\n\t\t\t\t\t\t\t\t\t<option value=\"Facebook &amp; Instagram Reklama\">\n\t\t\t\t\tFacebook &amp; Instagram Reklama\t\t\t\t\t<\/option>\n\t\t\t\t\t\t\t\t\t<option value=\"Email Marketingas\">\n\t\t\t\t\tEmail Marketingas\t\t\t\t\t<\/option>\n\t\t\t\t\t\t\t\t\t<option value=\"WEB k\u016brimas ir E-shop&#039;ai\">\n\t\t\t\t\tWEB k\u016brimas ir E-shop&#039;ai\t\t\t\t\t<\/option>\n\t\t\t\t\t\t\t\t\t<option value=\"Socialini\u0173 tinkl\u0173 administravimas\">\n\t\t\t\t\tSocialini\u0173 tinkl\u0173 administravimas\t\t\t\t\t<\/option>\n\t\t\t\t\t\t\t\t\t<option value=\"Logotip\u0173 k\u016brimas\">\n\t\t\t\t\tLogotip\u0173 k\u016brimas\t\t\t\t\t<\/option>\n\t\t\t\t\t\t\t<\/select>\n\t\t<\/div>\n\t\t\t\t\t\t\t<\/div>\n\t\t\t\t\t\t\t\t\t<div class=\"wpr-form-field-type-textarea wpr-field-group wpr-column wpr-field-group-message elementor-repeater-item-4ffe62e wpr-form-field-required\">\n\t\t\t\t\t\t\t\t\t\t\t\t\t\t<label for=\"form-field-message\" class=\"wpr-form-field-label\" data-alt-label=\"\u017dinut\u0117\">\n\t\t\t\t\t\t\t\t\t\u017dinut\u0117\t\t\t\t\t\t\t\t<\/label>\n\t\t\t\t\t\t\t<textarea class=\"wpr-form-field-textual wpr-form-field \" name=\"form_fields[message]\" id=\"form-field-message\" rows=\"7\" required=\"required\" aria-required=\"true\"><\/textarea>\t\t\t\t\t<\/div>\n\t\t\t\t<div class=\"wpr-field-group wpr-stp-btns-wrap wpr-column wpr-form-field-type-submit\" data-actions=\"[&quot;email&quot;]\" data-redirect-url=\"\" data-mailchimp-fields=\"{&quot;email_field&quot;:&quot;&quot;,&quot;first_name_field&quot;:&quot;&quot;,&quot;last_name_field&quot;:&quot;&quot;,&quot;address_field&quot;:&quot;&quot;,&quot;phone_field&quot;:&quot;&quot;,&quot;birthday_field&quot;:&quot;&quot;,&quot;group_id&quot;:&quot;&quot;}\" data-list-id=\"\">\t\t\t<button type=\"submit\" class=\"wpr-button\">\n\t\t\t\t<span >\n\t\t\t\t\t\t\t\t\t\t\t\t\t\t\t\t<span>Si\u0173sti<\/span>\n\t\t\t\t\t\t\t\t\t\t\t\t\t\t<\/span>\t\n\t\t\t\t<div class=\"wpr-double-bounce wpr-loader-hidden\">\n\t\t\t\t\t<div class=\"wpr-child wpr-double-bounce1\"><\/div>\n\t\t\t\t\t<div class=\"wpr-child wpr-double-bounce2\"><\/div>\n\t\t\t\t<\/div>\n\t\t\t<\/button>\n\t\t<\/div>\t\t\t\t\n\t\t\t<\/div>\n\t\t<\/form>\n\t  \t\t\t\t<\/div>\n\t\t\t\t<\/div>\n\t\t\t\t\t<\/div>\n\t\t<\/div>\n\t\t\t\t\t<\/div>\n\t\t<\/section>\n\t\t\t\t<section class=\"elementor-section elementor-top-section elementor-element elementor-element-8eea941 elementor-section-boxed elementor-section-height-default elementor-section-height-default wpr-particle-no wpr-jarallax-no wpr-parallax-no wpr-sticky-section-no wpr-equal-height-no\" data-id=\"8eea941\" data-element_type=\"section\" data-e-type=\"section\">\n\t\t\t\t\t\t<div class=\"elementor-container elementor-column-gap-default\">\n\t\t\t\t\t<div class=\"elementor-column elementor-col-100 elementor-top-column elementor-element elementor-element-4fc6278\" data-id=\"4fc6278\" data-element_type=\"column\" data-e-type=\"column\">\n\t\t\t<div class=\"elementor-widget-wrap elementor-element-populated\">\n\t\t\t\t\t\t<div class=\"elementor-element elementor-element-982e4ab elementor-widget elementor-widget-image\" data-id=\"982e4ab\" data-element_type=\"widget\" data-e-type=\"widget\" data-widget_type=\"image.default\">\n\t\t\t\t<div class=\"elementor-widget-container\">\n\t\t\t\t\t\t\t\t\t\t\t\t\t\t\t<img fetchpriority=\"high\" decoding=\"async\" width=\"1204\" height=\"65\" src=\"https:\/\/betop.lt\/wp-content\/uploads\/2023\/07\/pic-9.png\" class=\"attachment-full size-full wp-image-1108\" alt=\"\" srcset=\"https:\/\/betop.lt\/wp-content\/uploads\/2023\/07\/pic-9.png 1204w, https:\/\/betop.lt\/wp-content\/uploads\/2023\/07\/pic-9-300x16.png 300w, https:\/\/betop.lt\/wp-content\/uploads\/2023\/07\/pic-9-1024x55.png 1024w, https:\/\/betop.lt\/wp-content\/uploads\/2023\/07\/pic-9-768x41.png 768w\" sizes=\"(max-width: 1204px) 100vw, 1204px\" \/>\t\t\t\t\t\t\t\t\t\t\t\t\t\t\t<\/div>\n\t\t\t\t<\/div>\n\t\t\t\t\t<\/div>\n\t\t<\/div>\n\t\t\t\t\t<\/div>\n\t\t<\/section>\n\t\t\t\t<\/div>\n\t\t","protected":false},"excerpt":{"rendered":"<p>Klauskite apie visk\u0105 Susisiekite ir aptarsime J\u016bs\u0173 norus bei l\u016bkes\u010dius U\u017epildykite kontaktin\u0119 form\u0105 ir susisieksime su Jumis artimiausiu metu. Tel. Nr. +37069100338 El. Pa\u0161tas info@betop.lt Facebook Twitter Youtube Vardas Pavard\u0117 Email Tel. Nr. I\u0161 kur apie mus su\u017einojote? Facebook Instagram Youtube Pa\u017e\u012fstami Kita Soc. Media Select Subject SEO paslaugos Facebook &amp; Instagram Reklama Email Marketingas WEB k\u016brimas ir E-shop&#039;ai Socialini\u0173 tinkl\u0173 administravimas Logotip\u0173 k\u016brimas \u017dinut\u0117 Si\u0173sti<\/p>","protected":false},"author":1,"featured_media":0,"parent":0,"menu_order":0,"comment_status":"closed","ping_status":"closed","template":"elementor_canvas","meta":{"om_disable_all_campaigns":false,"_monsterinsights_skip_tracking":false,"_monsterinsights_sitenote_active":false,"_monsterinsights_sitenote_note":"","_monsterinsights_sitenote_category":0,"_uf_show_specific_survey":0,"_uf_disable_surveys":false,"footnotes":""},"class_list":["post-41","page","type-page","status-publish","hentry"],"aioseo_notices":[],"_hostinger_reach_plugin_has_subscription_block":false,"_hostinger_reach_plugin_is_elementor":false,"acf":[],"_links":{"self":[{"href":"https:\/\/betop.lt\/en\/wp-json\/wp\/v2\/pages\/41","targetHints":{"allow":["GET"]}}],"collection":[{"href":"https:\/\/betop.lt\/en\/wp-json\/wp\/v2\/pages"}],"about":[{"href":"https:\/\/betop.lt\/en\/wp-json\/wp\/v2\/types\/page"}],"author":[{"embeddable":true,"href":"https:\/\/betop.lt\/en\/wp-json\/wp\/v2\/users\/1"}],"replies":[{"embeddable":true,"href":"https:\/\/betop.lt\/en\/wp-json\/wp\/v2\/comments?post=41"}],"version-history":[{"count":31,"href":"https:\/\/betop.lt\/en\/wp-json\/wp\/v2\/pages\/41\/revisions"}],"predecessor-version":[{"id":4446,"href":"https:\/\/betop.lt\/en\/wp-json\/wp\/v2\/pages\/41\/revisions\/4446"}],"wp:attachment":[{"href":"https:\/\/betop.lt\/en\/wp-json\/wp\/v2\/media?parent=41"}],"curies":[{"name":"wp","href":"https:\/\/api.w.org\/{rel}","templated":true}]}}