{"id":3,"date":"2025-01-21T19:13:39","date_gmt":"2025-01-21T19:13:39","guid":{"rendered":"http:\/\/betop.lt\/?page_id=3"},"modified":"2025-01-26T15:56:52","modified_gmt":"2025-01-26T15:56:52","slug":"privatumo-politika","status":"publish","type":"page","link":"https:\/\/betop.lt\/en\/privatumo-politika\/","title":{"rendered":"Privacy Policy"},"content":{"rendered":"<div data-elementor-type=\"wp-page\" data-elementor-id=\"3\" class=\"elementor elementor-3\">\n\t\t\t\t<div class=\"elementor-element elementor-element-622bf823 e-flex e-con-boxed wpr-particle-no wpr-jarallax-no wpr-parallax-no wpr-sticky-section-no wpr-equal-height-no e-con e-parent\" data-id=\"622bf823\" data-element_type=\"container\" data-e-type=\"container\">\n\t\t\t\t\t<div class=\"e-con-inner\">\n\t\t\t\t<div class=\"elementor-element elementor-element-471c363a elementor-widget elementor-widget-text-editor\" data-id=\"471c363a\" data-element_type=\"widget\" data-e-type=\"widget\" data-widget_type=\"text-editor.default\">\n\t\t\t\t<div class=\"elementor-widget-container\">\n\t\t\t\t\t\t\t\t\t<p>Svetain\u0117je betop.lt, pasiekiamoje per https:\/\/www.betop.lt\/, vienas i\u0161 pagrindini\u0173 m\u016bs\u0173 prioritet\u0173 yra lankytoj\u0173 privatumas. \u0160iame privatumo politikos dokumente pateikiami informacijos, kuri\u0105 renka ir \u012fra\u0161o betop.lt, tipai ir kaip mes j\u0105 naudojame.<\/p>\n<p>Jei turite papildom\u0173 klausim\u0173 arba norite gauti daugiau informacijos apie m\u016bs\u0173 privatumo politik\u0105, nedvejodami susisiekite su mumis.<\/p>\t\t\t\t\t\t\t\t<\/div>\n\t\t\t\t<\/div>\n\t\t\t\t<div class=\"elementor-element elementor-element-70858ed elementor-widget elementor-widget-text-editor\" data-id=\"70858ed\" data-element_type=\"widget\" data-e-type=\"widget\" data-widget_type=\"text-editor.default\">\n\t\t\t\t<div class=\"elementor-widget-container\">\n\t\t\t\t\t\t\t\t\t<p><strong>BENDRASIS DUOMEN\u0172 APSAUGOS REGLAMENTAS (GDPR)<\/strong><\/p>\n<p>Esame j\u016bs\u0173 informacijos duomen\u0173 valdytojas.<\/p>\n<p>\u0160ioje privatumo politikoje apra\u0161ytos asmenin\u0117s informacijos rinkimo ir naudojimo teisinis pagrindas \u201eBeTop\u201c priklauso nuo m\u016bs\u0173 renkamos asmenin\u0117s informacijos ir konkretaus konteksto, kuriame renkame informacij\u0105:<\/p>\n<ul>\n<li><strong>BeTop<\/strong> turi vykdyti su jumis sudaryt\u0105 sutart\u012f.<\/li>\n<li>J\u016bs suteik\u0117te <strong>BeTop<\/strong> leidim\u0105 tai daryti.<\/li>\n<li>J\u016bs\u0173 asmenin\u0117s informacijos tvarkymas atitinka teis\u0117tus <strong>BeTop<\/strong> interesus<\/li>\n<li><strong>BeTop<\/strong> turi laikytis \u012fstatym\u0173<\/li>\n<\/ul>\n<p><strong>BeTop <\/strong>saugos j\u016bs\u0173 asmenin\u0119 informacij\u0105 tik tiek laiko, kiek b\u016btina \u0161ioje privatumo politikoje nurodytiems tikslams pasiekti. J\u016bs\u0173 informacij\u0105 saugosime ir naudosime tiek, kiek tai b\u016btina m\u016bs\u0173 teisiniams \u012fsipareigojimams vykdyti, gin\u010dams spr\u0119sti ir m\u016bs\u0173 politikai \u012fgyvendinti. M\u016bs\u0173 privatumo politika buvo parengta naudojantis <a href=\"https:\/\/www.gdprprivacynotice.com\/\">GDPR privatumo politikos generatoriumi<\/a> ir <a href=\"https:\/\/www.privacypolicygenerator.org\/\">privatumo politikos generatoriumi<\/a>.<\/p>\n<p>Jei esate Europos ekonomin\u0117s erdv\u0117s (EEE) gyventojas, turite tam tikras duomen\u0173 apsaugos teises. Jei norite gauti informacij\u0105 apie tai, koki\u0105 asmenin\u0119 informacij\u0105 apie jus saugome, ir jei norite, kad ji b\u016bt\u0173 pa\u0161alinta i\u0161 m\u016bs\u0173 sistem\u0173, susisiekite su mumis.<\/p>\n<p>Tam tikromis aplinkyb\u0117mis turite \u0161ias duomen\u0173 apsaugos teises:<\/p>\n<ul>\n<li>teis\u0119 susipa\u017einti su m\u016bs\u0173 turima informacija apie jus, j\u0105 atnaujinti arba i\u0161trinti.<\/li>\n<li>Teis\u0119 \u012f duomen\u0173 tikslinim\u0105.<\/li>\n<li>Teis\u0119 prie\u0161tarauti.<\/li>\n<li>Teis\u0119 \u012f apribojim\u0105.<\/li>\n<li>Teis\u0119 \u012f duomen\u0173 perk\u0117lim\u0105.<\/li>\n<li>Teis\u0119 at\u0161aukti sutikim\u0105.<\/li>\n<\/ul>\n<p>\u00a0<\/p>\n<p><strong>LOG FILE&#8217;AI<\/strong><\/p>\n<p>BeTop.lt laikosi standartin\u0117s \u017eurnal\u0173 fail\u0173 naudojimo tvarkos. \u0160ie failai registruoja lankytojus, kai jie lankosi svetain\u0117se. Tai daro visos hostingo paslaugas teikian\u010dios bendrov\u0117s ir tai yra prieglobos paslaug\u0173 analiz\u0117s dalis. \u017durnalo failuose renkama informacija apima interneto protokolo (IP) adresus, nar\u0161ykl\u0117s tip\u0105, interneto paslaug\u0173 teik\u0117j\u0105 (IPT), datos ir laiko \u017eym\u0105, nukreipiamuosius \/ i\u0161einamuosius puslapius ir, galb\u016bt, paspaudim\u0173 skai\u010di\u0173. \u0160ie duomenys nesusij\u0119 su jokia informacija, pagal kuri\u0105 galima nustatyti asmens tapatyb\u0119. \u0160ios informacijos paskirtis &#8211; analizuoti tendencijas, administruoti svetain\u0119, sekti naudotoj\u0173 jud\u0117jim\u0105 svetain\u0117je ir rinkti demografin\u0119 informacij\u0105.<\/p>\n<p><strong>SLAPUKAI IR \u017dINIATINKLIS<\/strong><\/p>\n<p>Kaip ir bet kuri kita svetain\u0117, betop.lt naudoja \u201eslapukus\u201c. \u0160ie slapukai naudojami siekiant i\u0161saugoti informacij\u0105, \u012fskaitant lankytoj\u0173 nuostatas ir svetain\u0117s puslapius, kuriuos lankytojas aplank\u0117 arba kuriuose lank\u0117si. \u0160i informacija naudojama siekiant optimizuoti naudotoj\u0173 patirt\u012f, pritaikant tinklalapio turin\u012f pagal lankytoj\u0173 nar\u0161ykl\u0117s tip\u0105 ir (arba) kit\u0105 informacij\u0105.<\/p>\n<p><strong>PRIVATUMO POLITIKA<\/strong><\/p>\n<p>Tre\u010di\u0173j\u0173 \u0161ali\u0173 reklamos serveriai arba reklamos tinklai naudoja tokias technologijas kaip slapukai, JavaScript arba \u017einiatinklio \u0161vyturiai, kurie yra naudojami atitinkamose reklamose ir nuorodose, pateikiamose betop.lt, kurios yra siun\u010diamos tiesiai \u012f naudotojo nar\u0161ykl\u0119. Tokiu atveju jie automati\u0161kai gauna j\u016bs\u0173 IP adres\u0105. \u0160ios technologijos naudojamos j\u0173 reklamos kampanij\u0173 veiksmingumui matuoti ir (arba) reklamos turiniui, kur\u012f matote lankomose svetain\u0117se, pritaikyti.<\/p>\n<p>Atkreipkite d\u0117mes\u012f, kad betop.lt neturi prieigos prie \u0161i\u0173 slapuk\u0173, kuriuos naudoja tre\u010di\u0173j\u0173 \u0161ali\u0173 reklamuotojai, ir j\u0173 nekontroliuoja.<\/p>\n<p><strong>TRE\u010cI\u0172J\u0172 \u0160ALI\u0172 PRIVATUMO POLITIKA<\/strong><\/p>\n<p>BeTop.lt privatumo politika netaikoma kitiems reklamuotojams ar svetain\u0117ms. Taigi, nor\u0117dami gauti i\u0161samesn\u0117s informacijos, patariame susipa\u017einti su atitinkamomis \u0161i\u0173 tre\u010di\u0173j\u0173 \u0161ali\u0173 reklamos serveri\u0173 privatumo politikomis. Joje gali b\u016bti nurodyta j\u0173 praktika ir instrukcijos, kaip atsisakyti tam tikr\u0173 parink\u010di\u0173.\u00a0<\/p>\n<p>Slapukus galite i\u0161jungti naudodami individualias nar\u0161ykl\u0117s parinktis. Nor\u0117dami su\u017einoti i\u0161samesn\u0117s informacijos apie slapuk\u0173 valdym\u0105 su konkre\u010diomis interneto nar\u0161ykl\u0117mis, j\u0105 galite rasti atitinkamose nar\u0161ykli\u0173 svetain\u0117se.\u00a0<\/p>\n<p>Slapuk\u0173 juostoje galite atsisakyti slapuk\u0173. Jei ne\u017einote, kaip tai padaryti, visos \u0161iuolaikin\u0117s interneto nar\u0161ykl\u0117s leid\u017eia keisti slapuk\u0173 nustatymus. \u0160iuos nustatymus paprastai galite rasti nar\u0161ykl\u0117s parink\u010di\u0173 arba nustatym\u0173 meniu (Nustatymai, Interneto parinktys ir kt.):<\/p>\n<p>a)\u00a0<a href=\"http:\/\/windows.microsoft.com\/en-GB\/internet-explorer\/delete-manage-cookies#ie=ie-10\">Slapuk\u0173 nustatymai\u00a0Internet Explorer<\/a>;<br \/>b)\u00a0<a href=\"http:\/\/support.mozilla.com\/en-US\/kb\/Cookies\">Slapuk\u0173 nustatymai\u00a0Firefox<\/a>;<br \/>c)\u00a0<a href=\"https:\/\/support.google.com\/chrome\/answer\/95647?hl=en&amp;ref_topic=14666\">Slapuk\u0173 nustatymai\u00a0Chrome<\/a>;<br \/>d)\u00a0<a href=\"https:\/\/support.apple.com\/kb\/PH17191?locale=en_US\">Slapuk\u0173 nustatymai\u00a0Safari web<\/a>\u00a0ir\u00a0<a href=\"http:\/\/support.apple.com\/kb\/HT1677\">iOS<\/a>;<br \/>e)\u00a0<a href=\"https:\/\/support.microsoft.com\/en-us\/help\/4027947\/microsoft-edge-delete-cookies\">Slapuk\u0173 nustatymai Microsoft Edge<\/a>;<br \/>f)\u00a0<a href=\"https:\/\/www.opera.com\/case-studies\/clean-browser-and-remove-trackers\">Slapuk\u0173 nustatymai Opera<\/a>.<\/p>\n<p>Jei nesutinkate, kad j\u016bs\u0173 kompiuteryje ar kitame \u012frenginyje b\u016bt\u0173 saugomi slapukai, galite bet kada at\u0161aukti savo sutikim\u0105 juos naudoti, pakeisdami nustatymus ir i\u0161trindami saugomus slapukus. Jei nuspr\u0119site i\u0161trinti slapukus, atminkite, kad visos j\u016bs\u0173 parinktys taip pat bus pa\u0161alintos. Be to, daugelis svetaini\u0173 (\u012fskaitant m\u016bs\u0173 svetain\u0119) neveiks tinkamai, jei slapukai bus visi\u0161kai u\u017eblokuoti. D\u0117l \u0161i\u0173 prie\u017eas\u010di\u0173 nerekomenduojame i\u0161jungti slapuk\u0173, kai naudojat\u0117s m\u016bs\u0173 svetaine.<\/p>\n<p><strong>TIK INTERNETIN\u0116 PRIVATUMO POLITIKA<\/strong><\/p>\n<p>M\u016bs\u0173 privatumo politika taikoma tik m\u016bs\u0173 veiklai internete ir galioja m\u016bs\u0173 svetain\u0117s lankytojams, atsi\u017evelgiant \u012f informacij\u0105, kuria jie dalijasi ir (arba) kuri\u0105 renka betop.lt. \u0160i politika netaikoma jokiai informacijai, surinktai ne internetu ar kitais kanalais, i\u0161skyrus \u0161i\u0105 svetain\u0119.<\/p>\n<p><strong>SUTIKIMAS<\/strong><\/p>\n<p>Naudodamiesi m\u016bs\u0173 svetaine, j\u016bs sutinkate su m\u016bs\u0173 privatumo politika ir sutinkate su jos s\u0105lygomis.<\/p>\t\t\t\t\t\t\t\t<\/div>\n\t\t\t\t<\/div>\n\t\t\t\t\t<\/div>\n\t\t\t\t<\/div>\n\t\t\t\t<\/div>","protected":false},"excerpt":{"rendered":"<p>Svetain\u0117je betop.lt, pasiekiamoje per https:\/\/www.betop.lt\/, vienas i\u0161 pagrindini\u0173 m\u016bs\u0173 prioritet\u0173 yra lankytoj\u0173 privatumas. \u0160iame privatumo politikos dokumente pateikiami informacijos, kuri\u0105 renka ir \u012fra\u0161o betop.lt, tipai ir kaip mes j\u0105 naudojame. Jei turite papildom\u0173 klausim\u0173 arba norite gauti daugiau informacijos apie m\u016bs\u0173 privatumo politik\u0105, nedvejodami susisiekite su mumis. BENDRASIS DUOMEN\u0172 APSAUGOS REGLAMENTAS (GDPR) Esame j\u016bs\u0173 informacijos duomen\u0173 valdytojas. \u0160ioje privatumo politikoje apra\u0161ytos asmenin\u0117s informacijos rinkimo ir naudojimo teisinis pagrindas \u201eBeTop\u201c priklauso nuo m\u016bs\u0173 renkamos asmenin\u0117s informacijos ir konkretaus konteksto, kuriame renkame informacij\u0105: BeTop turi vykdyti su jumis sudaryt\u0105 sutart\u012f. J\u016bs suteik\u0117te BeTop leidim\u0105 tai daryti. J\u016bs\u0173 asmenin\u0117s informacijos tvarkymas atitinka teis\u0117tus BeTop interesus BeTop turi laikytis \u012fstatym\u0173 BeTop saugos j\u016bs\u0173 asmenin\u0119 informacij\u0105 tik tiek laiko, kiek b\u016btina \u0161ioje privatumo politikoje nurodytiems tikslams pasiekti. J\u016bs\u0173 informacij\u0105 saugosime ir naudosime tiek, kiek tai b\u016btina m\u016bs\u0173 teisiniams \u012fsipareigojimams vykdyti, gin\u010dams spr\u0119sti ir m\u016bs\u0173 politikai \u012fgyvendinti. M\u016bs\u0173 privatumo politika buvo parengta naudojantis GDPR privatumo politikos generatoriumi ir privatumo politikos generatoriumi. Jei esate Europos ekonomin\u0117s erdv\u0117s (EEE) gyventojas, turite tam tikras duomen\u0173 apsaugos teises. Jei norite gauti informacij\u0105 apie tai, koki\u0105 asmenin\u0119 informacij\u0105 apie jus saugome, ir jei norite, kad ji b\u016bt\u0173 pa\u0161alinta i\u0161 m\u016bs\u0173 sistem\u0173, susisiekite su mumis. Tam tikromis aplinkyb\u0117mis turite \u0161ias duomen\u0173 apsaugos teises: teis\u0119 susipa\u017einti su m\u016bs\u0173 turima informacija apie jus, j\u0105 atnaujinti arba i\u0161trinti. Teis\u0119 \u012f duomen\u0173 tikslinim\u0105. Teis\u0119 prie\u0161tarauti. Teis\u0119 \u012f apribojim\u0105. Teis\u0119 \u012f duomen\u0173 perk\u0117lim\u0105. Teis\u0119 at\u0161aukti sutikim\u0105. \u00a0 LOG FILE&#8217;AI BeTop.lt laikosi standartin\u0117s \u017eurnal\u0173 fail\u0173 naudojimo tvarkos. \u0160ie failai registruoja lankytojus, kai jie lankosi svetain\u0117se. Tai daro visos hostingo paslaugas teikian\u010dios bendrov\u0117s ir tai yra prieglobos paslaug\u0173 analiz\u0117s dalis. \u017durnalo failuose renkama informacija apima interneto protokolo (IP) adresus, nar\u0161ykl\u0117s tip\u0105, interneto paslaug\u0173 teik\u0117j\u0105 (IPT), datos ir laiko \u017eym\u0105, nukreipiamuosius \/ i\u0161einamuosius puslapius ir, galb\u016bt, paspaudim\u0173 skai\u010di\u0173. \u0160ie duomenys nesusij\u0119 su jokia informacija, pagal kuri\u0105 galima nustatyti asmens tapatyb\u0119. \u0160ios informacijos paskirtis &#8211; analizuoti tendencijas, administruoti svetain\u0119, sekti naudotoj\u0173 jud\u0117jim\u0105 svetain\u0117je ir rinkti demografin\u0119 informacij\u0105. SLAPUKAI IR \u017dINIATINKLIS Kaip ir bet kuri kita svetain\u0117, betop.lt naudoja \u201eslapukus\u201c. \u0160ie slapukai naudojami siekiant i\u0161saugoti informacij\u0105, \u012fskaitant lankytoj\u0173 nuostatas ir svetain\u0117s puslapius, kuriuos lankytojas aplank\u0117 arba kuriuose lank\u0117si. \u0160i informacija naudojama siekiant optimizuoti naudotoj\u0173 patirt\u012f, pritaikant tinklalapio turin\u012f pagal lankytoj\u0173 nar\u0161ykl\u0117s tip\u0105 ir (arba) kit\u0105 informacij\u0105. PRIVATUMO POLITIKA Tre\u010di\u0173j\u0173 \u0161ali\u0173 reklamos serveriai arba reklamos tinklai naudoja tokias technologijas kaip slapukai, JavaScript arba \u017einiatinklio \u0161vyturiai, kurie yra naudojami atitinkamose reklamose ir nuorodose, pateikiamose betop.lt, kurios yra siun\u010diamos tiesiai \u012f naudotojo nar\u0161ykl\u0119. Tokiu atveju jie automati\u0161kai gauna j\u016bs\u0173 IP adres\u0105. \u0160ios technologijos naudojamos j\u0173 reklamos kampanij\u0173 veiksmingumui matuoti ir (arba) reklamos turiniui, kur\u012f matote lankomose svetain\u0117se, pritaikyti. Atkreipkite d\u0117mes\u012f, kad betop.lt neturi prieigos prie \u0161i\u0173 slapuk\u0173, kuriuos naudoja tre\u010di\u0173j\u0173 \u0161ali\u0173 reklamuotojai, ir j\u0173 nekontroliuoja. TRE\u010cI\u0172J\u0172 \u0160ALI\u0172 PRIVATUMO POLITIKA BeTop.lt privatumo politika netaikoma kitiems reklamuotojams ar svetain\u0117ms. Taigi, nor\u0117dami gauti i\u0161samesn\u0117s informacijos, patariame susipa\u017einti su atitinkamomis \u0161i\u0173 tre\u010di\u0173j\u0173 \u0161ali\u0173 reklamos serveri\u0173 privatumo politikomis. Joje gali b\u016bti nurodyta j\u0173 praktika ir instrukcijos, kaip atsisakyti tam tikr\u0173 parink\u010di\u0173.\u00a0 Slapukus galite i\u0161jungti naudodami individualias nar\u0161ykl\u0117s parinktis. Nor\u0117dami su\u017einoti i\u0161samesn\u0117s informacijos apie slapuk\u0173 valdym\u0105 su konkre\u010diomis interneto nar\u0161ykl\u0117mis, j\u0105 galite rasti atitinkamose nar\u0161ykli\u0173 svetain\u0117se.\u00a0 Slapuk\u0173 juostoje galite atsisakyti slapuk\u0173. Jei ne\u017einote, kaip tai padaryti, visos \u0161iuolaikin\u0117s interneto nar\u0161ykl\u0117s leid\u017eia keisti slapuk\u0173 nustatymus. \u0160iuos nustatymus paprastai galite rasti nar\u0161ykl\u0117s parink\u010di\u0173 arba nustatym\u0173 meniu (Nustatymai, Interneto parinktys ir kt.): a)\u00a0Slapuk\u0173 nustatymai\u00a0Internet Explorer;b)\u00a0Slapuk\u0173 nustatymai\u00a0Firefox;c)\u00a0Slapuk\u0173 nustatymai\u00a0Chrome;d)\u00a0Slapuk\u0173 nustatymai\u00a0Safari web\u00a0ir\u00a0iOS;e)\u00a0Slapuk\u0173 nustatymai Microsoft Edge;f)\u00a0Slapuk\u0173 nustatymai Opera. Jei nesutinkate, kad j\u016bs\u0173 kompiuteryje ar kitame \u012frenginyje b\u016bt\u0173 saugomi slapukai, galite bet kada at\u0161aukti savo sutikim\u0105 juos naudoti, pakeisdami nustatymus ir i\u0161trindami saugomus slapukus. Jei nuspr\u0119site i\u0161trinti slapukus, atminkite, kad visos j\u016bs\u0173 parinktys taip pat bus pa\u0161alintos. Be to, daugelis svetaini\u0173 (\u012fskaitant m\u016bs\u0173 svetain\u0119) neveiks tinkamai, jei slapukai bus visi\u0161kai u\u017eblokuoti. D\u0117l \u0161i\u0173 prie\u017eas\u010di\u0173 nerekomenduojame i\u0161jungti slapuk\u0173, kai naudojat\u0117s m\u016bs\u0173 svetaine. TIK INTERNETIN\u0116 PRIVATUMO POLITIKA M\u016bs\u0173 privatumo politika taikoma tik m\u016bs\u0173 veiklai internete ir galioja m\u016bs\u0173 svetain\u0117s lankytojams, atsi\u017evelgiant \u012f informacij\u0105, kuria jie dalijasi ir (arba) kuri\u0105 renka betop.lt. \u0160i politika netaikoma jokiai informacijai, surinktai ne internetu ar kitais kanalais, i\u0161skyrus \u0161i\u0105 svetain\u0119. SUTIKIMAS Naudodamiesi m\u016bs\u0173 svetaine, j\u016bs sutinkate su m\u016bs\u0173 privatumo politika ir sutinkate su jos s\u0105lygomis.<\/p>","protected":false},"author":1,"featured_media":0,"parent":0,"menu_order":0,"comment_status":"closed","ping_status":"closed","template":"","meta":{"om_disable_all_campaigns":false,"_monsterinsights_skip_tracking":false,"_monsterinsights_sitenote_active":false,"_monsterinsights_sitenote_note":"","_monsterinsights_sitenote_category":0,"_uf_show_specific_survey":0,"_uf_disable_surveys":false,"footnotes":""},"class_list":["post-3","page","type-page","status-publish","hentry"],"aioseo_notices":[],"_hostinger_reach_plugin_has_subscription_block":false,"_hostinger_reach_plugin_is_elementor":false,"acf":[],"_links":{"self":[{"href":"https:\/\/betop.lt\/en\/wp-json\/wp\/v2\/pages\/3","targetHints":{"allow":["GET"]}}],"collection":[{"href":"https:\/\/betop.lt\/en\/wp-json\/wp\/v2\/pages"}],"about":[{"href":"https:\/\/betop.lt\/en\/wp-json\/wp\/v2\/types\/page"}],"author":[{"embeddable":true,"href":"https:\/\/betop.lt\/en\/wp-json\/wp\/v2\/users\/1"}],"replies":[{"embeddable":true,"href":"https:\/\/betop.lt\/en\/wp-json\/wp\/v2\/comments?post=3"}],"version-history":[{"count":5,"href":"https:\/\/betop.lt\/en\/wp-json\/wp\/v2\/pages\/3\/revisions"}],"predecessor-version":[{"id":3948,"href":"https:\/\/betop.lt\/en\/wp-json\/wp\/v2\/pages\/3\/revisions\/3948"}],"wp:attachment":[{"href":"https:\/\/betop.lt\/en\/wp-json\/wp\/v2\/media?parent=3"}],"curies":[{"name":"wp","href":"https:\/\/api.w.org\/{rel}","templated":true}]}}