{"id":24,"date":"2023-07-18T07:01:45","date_gmt":"2023-07-18T07:01:45","guid":{"rendered":"https:\/\/demosites.royal-elementor-addons.com\/digital-seo-marketing-agency-v2\/?page_id=24"},"modified":"2025-07-22T14:28:44","modified_gmt":"2025-07-22T14:28:44","slug":"apie-mus","status":"publish","type":"page","link":"https:\/\/betop.lt\/en\/apie-mus\/","title":{"rendered":"About us"},"content":{"rendered":"<div data-elementor-type=\"wp-page\" data-elementor-id=\"24\" class=\"elementor elementor-24\">\n\t\t\t\t\t\t<section class=\"elementor-section elementor-top-section elementor-element elementor-element-f0cd6f5 elementor-section-boxed elementor-section-height-default elementor-section-height-default wpr-particle-no wpr-jarallax-no wpr-parallax-no wpr-sticky-section-no wpr-equal-height-no\" data-id=\"f0cd6f5\" data-element_type=\"section\" data-e-type=\"section\">\n\t\t\t\t\t\t<div class=\"elementor-container elementor-column-gap-default\">\n\t\t\t\t\t<div class=\"elementor-column elementor-col-50 elementor-top-column elementor-element elementor-element-39bc65d elementor-invisible\" data-id=\"39bc65d\" data-element_type=\"column\" data-e-type=\"column\" data-settings=\"{&quot;animation&quot;:&quot;slideInLeft&quot;}\">\n\t\t\t<div class=\"elementor-widget-wrap elementor-element-populated\">\n\t\t\t\t\t\t<div class=\"elementor-element elementor-element-f4eaaa7 elementor-widget elementor-widget-heading\" data-id=\"f4eaaa7\" data-element_type=\"widget\" data-e-type=\"widget\" data-widget_type=\"heading.default\">\n\t\t\t\t<div class=\"elementor-widget-container\">\n\t\t\t\t\t<h2 class=\"elementor-heading-title elementor-size-default\">ABOUT US<\/h2>\t\t\t\t<\/div>\n\t\t\t\t<\/div>\n\t\t\t\t<div class=\"elementor-element elementor-element-90e25ab elementor-widget elementor-widget-heading\" data-id=\"90e25ab\" data-element_type=\"widget\" data-e-type=\"widget\" data-widget_type=\"heading.default\">\n\t\t\t\t<div class=\"elementor-widget-container\">\n\t\t\t\t\t<h2 class=\"elementor-heading-title elementor-size-default\">BeTop.lt \u2013 we\u2019ll help your business reach new heights<\/h2>\t\t\t\t<\/div>\n\t\t\t\t<\/div>\n\t\t\t\t<div class=\"elementor-element elementor-element-5c54867 elementor-widget elementor-widget-text-editor\" data-id=\"5c54867\" data-element_type=\"widget\" data-e-type=\"widget\" data-widget_type=\"text-editor.default\">\n\t\t\t\t<div class=\"elementor-widget-container\">\n\t\t\t\t\t\t\t\t\t<p>Betop.lt is a creative and professional team offering a full range of web solutions. We develop modern websites, unique web designs, provide high-quality SEO optimization, and execute effective email marketing strategies, including Facebook advertising and social media management.<\/p><p>Our goal is to help you grow and reach a wider online audience. From simple websites to complex e-commerce solutions, we ensure every project is not only functional but also visually appealing and user-friendly.<\/p>\t\t\t\t\t\t\t\t<\/div>\n\t\t\t\t<\/div>\n\t\t\t\t<div class=\"elementor-element elementor-element-67ec4ca wpr-button-icon-style-inline wpr-button-icon-position-right elementor-widget elementor-widget-wpr-button\" data-id=\"67ec4ca\" data-element_type=\"widget\" data-e-type=\"widget\" data-widget_type=\"wpr-button.default\">\n\t\t\t\t<div class=\"elementor-widget-container\">\n\t\t\t\t\t\t\n\t\t\t\n\t\t\n\t\t<div class=\"wpr-button-wrap elementor-clearfix\">\n\t\t<a class=\"wpr-button wpr-button-effect wpr-button-none\" data-text=\"\" href=\"https:\/\/betop.lt\/en\/kontaktai\/\">\n\t\t\t\n\t\t\t<span class=\"wpr-button-content\">\n\t\t\t\t\t\t\t\t\t<span class=\"wpr-button-text\">Susisiekti<\/span>\n\t\t\t\t\t\t\t\t\n\t\t\t\t\t\t\t<\/span>\n\t\t<\/a>\n\n\t\t\t\t<\/div>\n\t\n\t\n\t\t\t\t\t<\/div>\n\t\t\t\t<\/div>\n\t\t\t\t\t<\/div>\n\t\t<\/div>\n\t\t\t\t<div class=\"elementor-column elementor-col-50 elementor-top-column elementor-element elementor-element-ad2260c elementor-invisible\" data-id=\"ad2260c\" data-element_type=\"column\" data-e-type=\"column\" data-settings=\"{&quot;animation&quot;:&quot;slideInRight&quot;}\">\n\t\t\t<div class=\"elementor-widget-wrap elementor-element-populated\">\n\t\t\t\t\t\t<div class=\"elementor-element elementor-element-0102ec7 elementor-widget elementor-widget-image\" data-id=\"0102ec7\" data-element_type=\"widget\" data-e-type=\"widget\" data-widget_type=\"image.default\">\n\t\t\t\t<div class=\"elementor-widget-container\">\n\t\t\t\t\t\t\t\t\t\t\t\t\t\t\t<img fetchpriority=\"high\" decoding=\"async\" width=\"1120\" height=\"1120\" src=\"https:\/\/betop.lt\/wp-content\/uploads\/2025\/01\/Leonardo_Phoenix_10_A_vibrant_Pixarinspired_animated_banner_fe_3.jpg\" class=\"attachment-full size-full wp-image-3560\" alt=\"Apie betop paslaugas\" srcset=\"https:\/\/betop.lt\/wp-content\/uploads\/2025\/01\/Leonardo_Phoenix_10_A_vibrant_Pixarinspired_animated_banner_fe_3.jpg 1120w, https:\/\/betop.lt\/wp-content\/uploads\/2025\/01\/Leonardo_Phoenix_10_A_vibrant_Pixarinspired_animated_banner_fe_3-300x300.jpg 300w, https:\/\/betop.lt\/wp-content\/uploads\/2025\/01\/Leonardo_Phoenix_10_A_vibrant_Pixarinspired_animated_banner_fe_3-1024x1024.jpg 1024w, https:\/\/betop.lt\/wp-content\/uploads\/2025\/01\/Leonardo_Phoenix_10_A_vibrant_Pixarinspired_animated_banner_fe_3-150x150.jpg 150w, https:\/\/betop.lt\/wp-content\/uploads\/2025\/01\/Leonardo_Phoenix_10_A_vibrant_Pixarinspired_animated_banner_fe_3-768x768.jpg 768w\" sizes=\"(max-width: 1120px) 100vw, 1120px\" \/>\t\t\t\t\t\t\t\t\t\t\t\t\t\t\t<\/div>\n\t\t\t\t<\/div>\n\t\t\t\t\t<\/div>\n\t\t<\/div>\n\t\t\t\t\t<\/div>\n\t\t<\/section>\n\t\t\t\t<section class=\"elementor-section elementor-top-section elementor-element elementor-element-5666092 elementor-section-boxed elementor-section-height-default elementor-section-height-default wpr-particle-no wpr-jarallax-no wpr-parallax-no wpr-sticky-section-no wpr-equal-height-no\" data-id=\"5666092\" data-element_type=\"section\" data-e-type=\"section\">\n\t\t\t\t\t\t<div class=\"elementor-container elementor-column-gap-default\">\n\t\t\t\t\t<div class=\"elementor-column elementor-col-100 elementor-top-column elementor-element elementor-element-59e9b0a\" data-id=\"59e9b0a\" data-element_type=\"column\" data-e-type=\"column\">\n\t\t\t<div class=\"elementor-widget-wrap elementor-element-populated\">\n\t\t\t\t\t\t<div class=\"elementor-element elementor-element-8a4a510 elementor-widget elementor-widget-image\" data-id=\"8a4a510\" data-element_type=\"widget\" data-e-type=\"widget\" data-widget_type=\"image.default\">\n\t\t\t\t<div class=\"elementor-widget-container\">\n\t\t\t\t\t\t\t\t\t\t\t\t\t\t\t<img decoding=\"async\" width=\"1204\" height=\"65\" src=\"https:\/\/betop.lt\/wp-content\/uploads\/2023\/07\/pic-9.png\" class=\"attachment-full size-full wp-image-1108\" alt=\"\" srcset=\"https:\/\/betop.lt\/wp-content\/uploads\/2023\/07\/pic-9.png 1204w, https:\/\/betop.lt\/wp-content\/uploads\/2023\/07\/pic-9-300x16.png 300w, https:\/\/betop.lt\/wp-content\/uploads\/2023\/07\/pic-9-1024x55.png 1024w, https:\/\/betop.lt\/wp-content\/uploads\/2023\/07\/pic-9-768x41.png 768w\" sizes=\"(max-width: 1204px) 100vw, 1204px\" \/>\t\t\t\t\t\t\t\t\t\t\t\t\t\t\t<\/div>\n\t\t\t\t<\/div>\n\t\t\t\t\t<\/div>\n\t\t<\/div>\n\t\t\t\t\t<\/div>\n\t\t<\/section>\n\t\t\t\t<section class=\"elementor-section elementor-top-section elementor-element elementor-element-4dd1f36 elementor-section-boxed elementor-section-height-default elementor-section-height-default wpr-particle-no wpr-jarallax-no wpr-parallax-no wpr-sticky-section-no wpr-equal-height-no\" data-id=\"4dd1f36\" data-element_type=\"section\" data-e-type=\"section\">\n\t\t\t\t\t\t<div class=\"elementor-container elementor-column-gap-default\">\n\t\t\t\t\t<div class=\"elementor-column elementor-col-100 elementor-top-column elementor-element elementor-element-69cc445\" data-id=\"69cc445\" data-element_type=\"column\" data-e-type=\"column\">\n\t\t\t<div class=\"elementor-widget-wrap elementor-element-populated\">\n\t\t\t\t\t\t<div class=\"elementor-element elementor-element-755421c elementor-hidden-mobile elementor-invisible elementor-widget elementor-widget-image\" data-id=\"755421c\" data-element_type=\"widget\" data-e-type=\"widget\" data-settings=\"{&quot;_animation&quot;:&quot;fadeIn&quot;}\" data-widget_type=\"image.default\">\n\t\t\t\t<div class=\"elementor-widget-container\">\n\t\t\t\t\t\t\t\t\t\t\t\t\t\t\t<img decoding=\"async\" width=\"1472\" height=\"832\" src=\"https:\/\/betop.lt\/wp-content\/uploads\/2025\/01\/Leonardo_Phoenix_10_A_whimsical_Pixarinspired_animated_banner_1.jpg\" class=\"attachment-full size-full wp-image-3564\" alt=\"\" srcset=\"https:\/\/betop.lt\/wp-content\/uploads\/2025\/01\/Leonardo_Phoenix_10_A_whimsical_Pixarinspired_animated_banner_1.jpg 1472w, https:\/\/betop.lt\/wp-content\/uploads\/2025\/01\/Leonardo_Phoenix_10_A_whimsical_Pixarinspired_animated_banner_1-300x170.jpg 300w, https:\/\/betop.lt\/wp-content\/uploads\/2025\/01\/Leonardo_Phoenix_10_A_whimsical_Pixarinspired_animated_banner_1-1024x579.jpg 1024w, https:\/\/betop.lt\/wp-content\/uploads\/2025\/01\/Leonardo_Phoenix_10_A_whimsical_Pixarinspired_animated_banner_1-768x434.jpg 768w\" sizes=\"(max-width: 1472px) 100vw, 1472px\" \/>\t\t\t\t\t\t\t\t\t\t\t\t\t\t\t<\/div>\n\t\t\t\t<\/div>\n\t\t\t\t<div class=\"elementor-element elementor-element-c1e837a elementor-widget elementor-widget-heading\" data-id=\"c1e837a\" data-element_type=\"widget\" data-e-type=\"widget\" data-widget_type=\"heading.default\">\n\t\t\t\t<div class=\"elementor-widget-container\">\n\t\t\t\t\t<style>.elementor-element-c1e837a{display:none !important}<\/style>\t\t\t\t<\/div>\n\t\t\t\t<\/div>\n\t\t\t\t<div class=\"elementor-element elementor-element-3d27257 elementor-widget elementor-widget-heading\" data-id=\"3d27257\" data-element_type=\"widget\" data-e-type=\"widget\" data-widget_type=\"heading.default\">\n\t\t\t\t<div class=\"elementor-widget-container\">\n\t\t\t\t\t<h2 class=\"elementor-heading-title elementor-size-default\">Our Values\n<\/h2>\t\t\t\t<\/div>\n\t\t\t\t<\/div>\n\t\t\t\t<section class=\"elementor-section elementor-inner-section elementor-element elementor-element-8012228 elementor-section-boxed elementor-section-height-default elementor-section-height-default wpr-particle-no wpr-jarallax-no wpr-parallax-no wpr-sticky-section-no wpr-equal-height-no\" data-id=\"8012228\" data-element_type=\"section\" data-e-type=\"section\">\n\t\t\t\t\t\t<div class=\"elementor-container elementor-column-gap-default\">\n\t\t\t\t\t<div class=\"elementor-column elementor-col-33 elementor-inner-column elementor-element elementor-element-1bcd4a7\" data-id=\"1bcd4a7\" data-element_type=\"column\" data-e-type=\"column\">\n\t\t\t<div class=\"elementor-widget-wrap elementor-element-populated\">\n\t\t\t\t\t\t<div class=\"elementor-element elementor-element-a326b19 elementor-position-top elementor-invisible elementor-widget elementor-widget-image-box\" data-id=\"a326b19\" data-element_type=\"widget\" data-e-type=\"widget\" data-settings=\"{&quot;_animation&quot;:&quot;zoomIn&quot;}\" data-widget_type=\"image-box.default\">\n\t\t\t\t<div class=\"elementor-widget-container\">\n\t\t\t\t\t<div class=\"elementor-image-box-wrapper\"><figure class=\"elementor-image-box-img\"><img loading=\"lazy\" decoding=\"async\" width=\"263\" height=\"263\" src=\"https:\/\/betop.lt\/wp-content\/uploads\/2023\/07\/Icons-1-1-1.png\" class=\"attachment-full size-full wp-image-1903\" alt=\"\" srcset=\"https:\/\/betop.lt\/wp-content\/uploads\/2023\/07\/Icons-1-1-1.png 263w, https:\/\/betop.lt\/wp-content\/uploads\/2023\/07\/Icons-1-1-1-150x150.png 150w\" sizes=\"(max-width: 263px) 100vw, 263px\" \/><\/figure><div class=\"elementor-image-box-content\"><h3 class=\"elementor-image-box-title\">Professionalism<\/h3><p class=\"elementor-image-box-description\">At every step, we strive for excellence by delivering solutions that meet the highest standards.<\/p><\/div><\/div>\t\t\t\t<\/div>\n\t\t\t\t<\/div>\n\t\t\t\t\t<\/div>\n\t\t<\/div>\n\t\t\t\t<div class=\"elementor-column elementor-col-33 elementor-inner-column elementor-element elementor-element-76d2496\" data-id=\"76d2496\" data-element_type=\"column\" data-e-type=\"column\">\n\t\t\t<div class=\"elementor-widget-wrap elementor-element-populated\">\n\t\t\t\t\t\t<div class=\"elementor-element elementor-element-bbcb24f elementor-position-top elementor-invisible elementor-widget elementor-widget-image-box\" data-id=\"bbcb24f\" data-element_type=\"widget\" data-e-type=\"widget\" data-settings=\"{&quot;_animation&quot;:&quot;zoomIn&quot;,&quot;_animation_delay&quot;:100}\" data-widget_type=\"image-box.default\">\n\t\t\t\t<div class=\"elementor-widget-container\">\n\t\t\t\t\t<div class=\"elementor-image-box-wrapper\"><figure class=\"elementor-image-box-img\"><img loading=\"lazy\" decoding=\"async\" width=\"263\" height=\"263\" src=\"https:\/\/betop.lt\/wp-content\/uploads\/2023\/07\/Icons-1-2-1.png\" class=\"attachment-full size-full wp-image-1904\" alt=\"\" srcset=\"https:\/\/betop.lt\/wp-content\/uploads\/2023\/07\/Icons-1-2-1.png 263w, https:\/\/betop.lt\/wp-content\/uploads\/2023\/07\/Icons-1-2-1-150x150.png 150w\" sizes=\"(max-width: 263px) 100vw, 263px\" \/><\/figure><div class=\"elementor-image-box-content\"><h3 class=\"elementor-image-box-title\">Innovation<\/h3><p class=\"elementor-image-box-description\">We constantly seek new ways to improve processes and offer the most modern solutions to our clients.<\/p><\/div><\/div>\t\t\t\t<\/div>\n\t\t\t\t<\/div>\n\t\t\t\t\t<\/div>\n\t\t<\/div>\n\t\t\t\t<div class=\"elementor-column elementor-col-33 elementor-inner-column elementor-element elementor-element-7779357\" data-id=\"7779357\" data-element_type=\"column\" data-e-type=\"column\">\n\t\t\t<div class=\"elementor-widget-wrap elementor-element-populated\">\n\t\t\t\t\t\t<div class=\"elementor-element elementor-element-c135dc7 elementor-position-top elementor-invisible elementor-widget elementor-widget-image-box\" data-id=\"c135dc7\" data-element_type=\"widget\" data-e-type=\"widget\" data-settings=\"{&quot;_animation&quot;:&quot;zoomIn&quot;,&quot;_animation_delay&quot;:200}\" data-widget_type=\"image-box.default\">\n\t\t\t\t<div class=\"elementor-widget-container\">\n\t\t\t\t\t<div class=\"elementor-image-box-wrapper\"><figure class=\"elementor-image-box-img\"><img loading=\"lazy\" decoding=\"async\" width=\"263\" height=\"263\" src=\"https:\/\/betop.lt\/wp-content\/uploads\/2023\/07\/Icons-1-3-1.png\" class=\"attachment-full size-full wp-image-1905\" alt=\"\" srcset=\"https:\/\/betop.lt\/wp-content\/uploads\/2023\/07\/Icons-1-3-1.png 263w, https:\/\/betop.lt\/wp-content\/uploads\/2023\/07\/Icons-1-3-1-150x150.png 150w\" sizes=\"(max-width: 263px) 100vw, 263px\" \/><\/figure><div class=\"elementor-image-box-content\"><h3 class=\"elementor-image-box-title\">Client Success<\/h3><p class=\"elementor-image-box-description\">Your success is our priority. We create solutions that help your business grow and thrive.<\/p><\/div><\/div>\t\t\t\t<\/div>\n\t\t\t\t<\/div>\n\t\t\t\t\t<\/div>\n\t\t<\/div>\n\t\t\t\t\t<\/div>\n\t\t<\/section>\n\t\t\t\t\t<\/div>\n\t\t<\/div>\n\t\t\t\t\t<\/div>\n\t\t<\/section>\n\t\t\t\t<section class=\"elementor-section elementor-top-section elementor-element elementor-element-b1832a8 elementor-section-boxed elementor-section-height-default elementor-section-height-default wpr-particle-no wpr-jarallax-no wpr-parallax-no wpr-sticky-section-no wpr-equal-height-no\" data-id=\"b1832a8\" data-element_type=\"section\" data-e-type=\"section\">\n\t\t\t\t\t\t<div class=\"elementor-container elementor-column-gap-default\">\n\t\t\t\t\t<div class=\"elementor-column elementor-col-100 elementor-top-column elementor-element elementor-element-6babb57 elementor-invisible\" data-id=\"6babb57\" data-element_type=\"column\" data-e-type=\"column\" data-settings=\"{&quot;background_background&quot;:&quot;classic&quot;,&quot;animation&quot;:&quot;zoomIn&quot;}\">\n\t\t\t<div class=\"elementor-widget-wrap elementor-element-populated\">\n\t\t\t\t\t\t<section class=\"elementor-section elementor-inner-section elementor-element elementor-element-6aeeabf elementor-section-boxed elementor-section-height-default elementor-section-height-default wpr-particle-no wpr-jarallax-no wpr-parallax-no wpr-sticky-section-no wpr-equal-height-no\" data-id=\"6aeeabf\" data-element_type=\"section\" data-e-type=\"section\">\n\t\t\t\t\t\t<div class=\"elementor-container elementor-column-gap-default\">\n\t\t\t\t\t<div class=\"elementor-column elementor-col-50 elementor-inner-column elementor-element elementor-element-de6480f\" data-id=\"de6480f\" data-element_type=\"column\" data-e-type=\"column\">\n\t\t\t<div class=\"elementor-widget-wrap elementor-element-populated\">\n\t\t\t\t\t\t<div class=\"elementor-element elementor-element-5d225d0 elementor-widget elementor-widget-heading\" data-id=\"5d225d0\" data-element_type=\"widget\" data-e-type=\"widget\" data-widget_type=\"heading.default\">\n\t\t\t\t<div class=\"elementor-widget-container\">\n\t\t\t\t\t<h2 class=\"elementor-heading-title elementor-size-default\">The path to business growth starts with BeTop<\/h2>\t\t\t\t<\/div>\n\t\t\t\t<\/div>\n\t\t\t\t\t<\/div>\n\t\t<\/div>\n\t\t\t\t<div class=\"elementor-column elementor-col-50 elementor-inner-column elementor-element elementor-element-a3df354\" data-id=\"a3df354\" data-element_type=\"column\" data-e-type=\"column\">\n\t\t\t<div class=\"elementor-widget-wrap elementor-element-populated\">\n\t\t\t\t\t\t<div class=\"elementor-element elementor-element-d79809d elementor-widget elementor-widget-text-editor\" data-id=\"d79809d\" data-element_type=\"widget\" data-e-type=\"widget\" data-widget_type=\"text-editor.default\">\n\t\t\t\t<div class=\"elementor-widget-container\">\n\t\t\t\t\t\t\t\t\t<p>Every solution we create has a clear goal \u2013 to help your business grow, attract the right audience, and make the most of all digital opportunities.<\/p>\t\t\t\t\t\t\t\t<\/div>\n\t\t\t\t<\/div>\n\t\t\t\t<div class=\"elementor-element elementor-element-25a0bc4 wpr-button-icon-style-inline wpr-button-icon-position-right elementor-widget elementor-widget-wpr-button\" data-id=\"25a0bc4\" data-element_type=\"widget\" data-e-type=\"widget\" data-widget_type=\"wpr-button.default\">\n\t\t\t\t<div class=\"elementor-widget-container\">\n\t\t\t\t\t<style>.elementor-element-25a0bc4{display:none !important}<\/style>\t\t\t\t<\/div>\n\t\t\t\t<\/div>\n\t\t\t\t<div class=\"elementor-element elementor-element-b4b5f1f wpr-button-icon-style-inline wpr-button-icon-position-right elementor-widget elementor-widget-wpr-button\" data-id=\"b4b5f1f\" data-element_type=\"widget\" data-e-type=\"widget\" data-widget_type=\"wpr-button.default\">\n\t\t\t\t<div class=\"elementor-widget-container\">\n\t\t\t\t\t\t\n\t\t\t\n\t\t\n\t\t<div class=\"wpr-button-wrap elementor-clearfix\">\n\t\t<a class=\"wpr-button wpr-button-effect wpr-button-none\" data-text=\"\" href=\"https:\/\/betop.lt\/en\/paslaugos\/\">\n\t\t\t\n\t\t\t<span class=\"wpr-button-content\">\n\t\t\t\t\t\t\t\t\t<span class=\"wpr-button-text\">Services<\/span>\n\t\t\t\t\t\t\t\t\n\t\t\t\t\t\t\t<\/span>\n\t\t<\/a>\n\n\t\t\t\t<\/div>\n\t\n\t\n\t\t\t\t\t<\/div>\n\t\t\t\t<\/div>\n\t\t\t\t\t<\/div>\n\t\t<\/div>\n\t\t\t\t\t<\/div>\n\t\t<\/section>\n\t\t\t\t\t<\/div>\n\t\t<\/div>\n\t\t\t\t\t<\/div>\n\t\t<\/section>\n\t\t\t\t<\/div>","protected":false},"excerpt":{"rendered":"<p>APIE MUS BeTop.lt &#8211; pad\u0117sime J\u016bs\u0173 verslui pasiekti auk\u0161tumas \u201eBetop.lt\u201c \u2013 tai k\u016brybinga ir profesionali komanda, teikianti piln\u0105 internetini\u0173 sprendim\u0173 spektr\u0105. Mes kuriame \u0161iuolaikines svetaines, unikalius web dizainus, u\u017etikriname auk\u0161tos kokyb\u0117s SEO optimizacij\u0105 ir vykdome efektyvias el. rinkodaros strategijas, \u012fskaitant \u201eFacebook\u201c reklam\u0105 ir socialini\u0173 tinkl\u0173 administravim\u0105. M\u016bs\u0173 tikslas \u2013 pad\u0117ti Jums augti ir pasiekti platesn\u0119 auditorij\u0105 internete. Nuo paprast\u0173 svetaini\u0173 iki sud\u0117ting\u0173 e. prekybos sprendim\u0173, mes u\u017etikriname, kad kiekvienas projektas b\u016bt\u0173 ne tik funkcionalus, bet ir esteti\u0161kai patrauklus bei lengvai naudojamas. Susisiekti M\u016bs\u0173 Vertyb\u0117s Profesionalumas Kiekviename \u017eingsnyje siekiame tobulumo, teikdami sprendimus, kurie atitinka auk\u0161\u010diausius standartus. Inovacijos Nuolat ie\u0161kome nauj\u0173 b\u016bd\u0173, kaip pagerinti procesus ir pasi\u016blyti moderniausius sprendimus savo klientams. Klient\u0173 s\u0117km\u0117 J\u016bs\u0173 s\u0117km\u0117 yra m\u016bs\u0173 prioritetas. Mes kuriame sprendimus, kurie padeda J\u016bs\u0173 verslui augti ir klest\u0117ti. Kelias \u012f verslo augim\u0105 prasideda nuo &#8211; BeTop Kiekvien\u0105 sprendim\u0105 kuriame su ai\u0161kiu tikslu \u2013 pad\u0117ti J\u016bs\u0173 verslui augti, pritraukti tinkam\u0105 auditorij\u0105 ir i\u0161naudoti visas skaitmenin\u0117s erdv\u0117s galimybes. Paslaugos<\/p>","protected":false},"author":1,"featured_media":0,"parent":0,"menu_order":0,"comment_status":"closed","ping_status":"closed","template":"elementor_canvas","meta":{"om_disable_all_campaigns":false,"_monsterinsights_skip_tracking":false,"_monsterinsights_sitenote_active":false,"_monsterinsights_sitenote_note":"","_monsterinsights_sitenote_category":0,"_uf_show_specific_survey":0,"_uf_disable_surveys":false,"footnotes":""},"class_list":["post-24","page","type-page","status-publish","hentry"],"aioseo_notices":[],"_hostinger_reach_plugin_has_subscription_block":false,"_hostinger_reach_plugin_is_elementor":false,"acf":[],"_links":{"self":[{"href":"https:\/\/betop.lt\/en\/wp-json\/wp\/v2\/pages\/24","targetHints":{"allow":["GET"]}}],"collection":[{"href":"https:\/\/betop.lt\/en\/wp-json\/wp\/v2\/pages"}],"about":[{"href":"https:\/\/betop.lt\/en\/wp-json\/wp\/v2\/types\/page"}],"author":[{"embeddable":true,"href":"https:\/\/betop.lt\/en\/wp-json\/wp\/v2\/users\/1"}],"replies":[{"embeddable":true,"href":"https:\/\/betop.lt\/en\/wp-json\/wp\/v2\/comments?post=24"}],"version-history":[{"count":28,"href":"https:\/\/betop.lt\/en\/wp-json\/wp\/v2\/pages\/24\/revisions"}],"predecessor-version":[{"id":4055,"href":"https:\/\/betop.lt\/en\/wp-json\/wp\/v2\/pages\/24\/revisions\/4055"}],"wp:attachment":[{"href":"https:\/\/betop.lt\/en\/wp-json\/wp\/v2\/media?parent=24"}],"curies":[{"name":"wp","href":"https:\/\/api.w.org\/{rel}","templated":true}]}}